{"id":217,"date":"2026-03-06T17:23:11","date_gmt":"2026-03-06T17:23:11","guid":{"rendered":"https:\/\/trigono.pt\/?page_id=217"},"modified":"2026-03-06T17:59:53","modified_gmt":"2026-03-06T17:59:53","slug":"galeria-videos","status":"publish","type":"page","link":"http:\/\/trigono.pt\/en\/galeria-videos\/","title":{"rendered":"Video Gallery"},"content":{"rendered":"<p>The <strong>Tr\u00edgono team<\/strong> attended <strong>Mobile World Congress<\/strong>, one of the world\u2019s largest events dedicated to <strong>technology <\/strong>and <strong>innovation<\/strong>. Being where the future happens is part of our <strong>commitment<\/strong>: staying up to date with the <strong>latest trends<\/strong>, exploring new solutions, and continuing to develop projects that keep our partners at the <strong>forefront<\/strong> of <strong>technological transformation<\/strong>.<\/p>\n\n\n\n<figure class=\"wp-block-embed is-type-video is-provider-youtube wp-block-embed-youtube wp-embed-aspect-16-9 wp-has-aspect-ratio\"><div class=\"wp-block-embed__wrapper\">\n<div class=\"epyt-video-wrapper\"><iframe loading=\"lazy\"  id=\"_ytid_18792\"  width=\"950\" height=\"534\"  data-origwidth=\"950\" data-origheight=\"534\"  data-relstop=\"1\" src=\"https:\/\/www.youtube.com\/embed\/gi--mOouosg?enablejsapi=1&#038;autoplay=0&#038;cc_load_policy=0&#038;iv_load_policy=3&#038;loop=0&#038;fs=1&#038;playsinline=0&#038;controls=1&#038;disablekb=0&#038;color=red&#038;cc_lang_pref=&#038;rel=0&#038;autohide=2&#038;theme=dark&#038;\" class=\"__youtube_prefs__  epyt-is-override  no-lazyload\" title=\"YouTube player\"  allow=\"fullscreen; accelerometer; autoplay; clipboard-write; encrypted-media; gyroscope; picture-in-picture; web-share\" referrerpolicy=\"strict-origin-when-cross-origin\" allowfullscreen data-no-lazy=\"1\" data-skipgform_ajax_framebjll=\"\"><\/iframe><\/div>\n<\/div><\/figure>\n\n\n\n<div style=\"height:52px\" aria-hidden=\"true\" class=\"wp-block-spacer\"><\/div>\n\n\n\n<p>Meet <strong>Sunforce <\/strong>powered by Trigono. Specialising in <strong>renewable energy<\/strong>, Sunforce focuses on <strong>construction<\/strong> and <strong>maintenance<\/strong> of the infrastructures, helping to <strong>optimise <\/strong>performance and extend the lifespan of <strong>energy assets<\/strong>.<\/p>\n\n\n\n<figure class=\"wp-block-embed is-type-video is-provider-youtube wp-block-embed-youtube wp-embed-aspect-16-9 wp-has-aspect-ratio\"><div class=\"wp-block-embed__wrapper\">\n<div class=\"epyt-video-wrapper\"><iframe loading=\"lazy\"  id=\"_ytid_98006\"  width=\"950\" height=\"534\"  data-origwidth=\"950\" data-origheight=\"534\"  data-relstop=\"1\" src=\"https:\/\/www.youtube.com\/embed\/UUmD9tgYT6c?enablejsapi=1&#038;autoplay=0&#038;cc_load_policy=0&#038;iv_load_policy=3&#038;loop=0&#038;fs=1&#038;playsinline=0&#038;controls=1&#038;disablekb=0&#038;color=red&#038;cc_lang_pref=&#038;rel=0&#038;autohide=2&#038;theme=dark&#038;\" class=\"__youtube_prefs__  epyt-is-override  no-lazyload\" title=\"YouTube player\"  allow=\"fullscreen; accelerometer; autoplay; clipboard-write; encrypted-media; gyroscope; picture-in-picture; web-share\" referrerpolicy=\"strict-origin-when-cross-origin\" allowfullscreen data-no-lazy=\"1\" data-skipgform_ajax_framebjll=\"\"><\/iframe><\/div>\n<\/div><\/figure>\n\n\n\n<div style=\"height:100px\" aria-hidden=\"true\" class=\"wp-block-spacer\"><\/div>\n\n\n\n<p><\/p>","protected":false},"excerpt":{"rendered":"<p>A equipa da Tr\u00edgono marcou presen\u00e7a no Mobile World Congress, um dos maiores eventos mundiais de tecnologia e inova\u00e7\u00e3o. Estar onde o futuro acontece faz parte do nosso compromisso: acompanhar as \u00faltimas tend\u00eancias, explorar novas solu\u00e7\u00f5es e continuar a desenvolver projetos que mant\u00eam os nossos parceiros na vanguarda da transforma\u00e7\u00e3o tecnol\u00f3gica. Conhe\u00e7a a Sunforce powered &hellip; <\/p>\n<p class=\"link-more\"><a href=\"http:\/\/trigono.pt\/en\/galeria-videos\/\" class=\"more-link\">Read more<span class=\"screen-reader-text\"> &#8220;Galeria de V\u00eddeos&#8221;<\/span><\/a><\/p>","protected":false},"author":1,"featured_media":7,"parent":0,"menu_order":0,"comment_status":"closed","ping_status":"closed","template":"","meta":{"footnotes":""},"class_list":["post-217","page","type-page","status-publish","has-post-thumbnail","hentry"],"_links":{"self":[{"href":"http:\/\/trigono.pt\/en\/wp-json\/wp\/v2\/pages\/217","targetHints":{"allow":["GET"]}}],"collection":[{"href":"http:\/\/trigono.pt\/en\/wp-json\/wp\/v2\/pages"}],"about":[{"href":"http:\/\/trigono.pt\/en\/wp-json\/wp\/v2\/types\/page"}],"author":[{"embeddable":true,"href":"http:\/\/trigono.pt\/en\/wp-json\/wp\/v2\/users\/1"}],"replies":[{"embeddable":true,"href":"http:\/\/trigono.pt\/en\/wp-json\/wp\/v2\/comments?post=217"}],"version-history":[{"count":6,"href":"http:\/\/trigono.pt\/en\/wp-json\/wp\/v2\/pages\/217\/revisions"}],"predecessor-version":[{"id":233,"href":"http:\/\/trigono.pt\/en\/wp-json\/wp\/v2\/pages\/217\/revisions\/233"}],"wp:featuredmedia":[{"embeddable":true,"href":"http:\/\/trigono.pt\/en\/wp-json\/wp\/v2\/media\/7"}],"wp:attachment":[{"href":"http:\/\/trigono.pt\/en\/wp-json\/wp\/v2\/media?parent=217"}],"curies":[{"name":"wp","href":"https:\/\/api.w.org\/{rel}","templated":true}]}}