{"id":29,"date":"2025-01-30T09:58:23","date_gmt":"2025-01-30T09:58:23","guid":{"rendered":"https:\/\/trigono.pt\/?page_id=29"},"modified":"2025-02-06T09:50:20","modified_gmt":"2025-02-06T09:50:20","slug":"learning-centre","status":"publish","type":"page","link":"https:\/\/trigono.pt\/en\/learning-centre\/","title":{"rendered":"Learning Centre"},"content":{"rendered":"<p>At Tr\u00edgono, we strongly invest in innovation and continuous training. We work continuously on tailor made solutions and product development in the areas of <strong>Solar Energy,<\/strong> <strong>Electricity <\/strong>and <strong>Telecommunications.<\/strong>&nbsp; We integrate advanced knowledge, responding to the specific needs of each our client\/ partner, while promoting the training and upskilling of our team to ensure innovative and effective solutions.<\/p>\n\n\n\n<p>The Tr\u00edgono Learning Centre was born at our office in Torres Vedras, with a goal of meeting the <strong>training<\/strong> needs of our internal teams and quickly expanded to support external teams as well.<\/p>\n\n\n\n<div class=\"wp-block-columns alignwide is-layout-flex wp-container-core-columns-is-layout-28f84493 wp-block-columns-is-layout-flex\">\n<div class=\"wp-block-column is-layout-flow wp-block-column-is-layout-flow\">\n<figure class=\"wp-block-image size-full wp-duotone-unset-1\"><img loading=\"lazy\" decoding=\"async\" width=\"720\" height=\"500\" src=\"https:\/\/trigono.pt\/wp-content\/uploads\/2025\/02\/1-1.png\" alt=\"\" class=\"wp-image-153\" srcset=\"https:\/\/trigono.pt\/wp-content\/uploads\/2025\/02\/1-1.png 720w, https:\/\/trigono.pt\/wp-content\/uploads\/2025\/02\/1-1-300x208.png 300w, https:\/\/trigono.pt\/wp-content\/uploads\/2025\/02\/1-1-18x12.png 18w\" sizes=\"auto, (max-width: 720px) 100vw, 720px\" \/><\/figure>\n<\/div>\n\n\n\n<div class=\"wp-block-column is-layout-flow wp-block-column-is-layout-flow\">\n<figure class=\"wp-block-image size-full wp-duotone-unset-2\"><img loading=\"lazy\" decoding=\"async\" width=\"720\" height=\"500\" src=\"https:\/\/trigono.pt\/wp-content\/uploads\/2025\/02\/2-1.png\" alt=\"\" class=\"wp-image-154\" srcset=\"https:\/\/trigono.pt\/wp-content\/uploads\/2025\/02\/2-1.png 720w, https:\/\/trigono.pt\/wp-content\/uploads\/2025\/02\/2-1-300x208.png 300w, https:\/\/trigono.pt\/wp-content\/uploads\/2025\/02\/2-1-18x12.png 18w\" sizes=\"auto, (max-width: 720px) 100vw, 720px\" \/><\/figure>\n\n\n\n<p class=\"has-text-color\" style=\"color:#7a7a7a\"><\/p>\n<\/div>\n\n\n\n<div class=\"wp-block-column is-layout-flow wp-block-column-is-layout-flow\">\n<figure class=\"wp-block-image size-full wp-duotone-unset-3\"><img loading=\"lazy\" decoding=\"async\" width=\"720\" height=\"500\" src=\"https:\/\/trigono.pt\/wp-content\/uploads\/2025\/02\/3.png\" alt=\"\" class=\"wp-image-156\" srcset=\"https:\/\/trigono.pt\/wp-content\/uploads\/2025\/02\/3.png 720w, https:\/\/trigono.pt\/wp-content\/uploads\/2025\/02\/3-300x208.png 300w, https:\/\/trigono.pt\/wp-content\/uploads\/2025\/02\/3-18x12.png 18w\" sizes=\"auto, (max-width: 720px) 100vw, 720px\" \/><\/figure>\n\n\n\n<p class=\"has-black-color has-text-color has-medium-font-size\"><\/p>\n<\/div>\n<\/div>\n\n\n\n<p>We are passionate about empowering <strong>partnerships<\/strong> that drive business success. Take advantage of out training programs, crafted to meet the unique needs of your operational teams. Get in touch to arrange your training sessions in our facilities.<\/p>\n\n\n\n<div style=\"height:100px\" aria-hidden=\"true\" class=\"wp-block-spacer\"><\/div>","protected":false},"excerpt":{"rendered":"<p>Na Tr\u00edgono apostamos fortemente na inova\u00e7\u00e3o e na forma\u00e7\u00e3o cont\u00ednua. Trabalhamos continuamente no desenvolvimento de servi\u00e7os e produtos personalizados nas \u00e1reas da Energia Solar, Eletricidade e Telecomunica\u00e7\u00f5es.&nbsp; Integramos conhecimentos avan\u00e7ados, adaptando-nos \u00e0s necessidades espec\u00edficas de cada cliente\/ parceiro, enquanto promovemos a forma\u00e7\u00e3o e o aperfei\u00e7oamento dos nossos profissionais para garantir solu\u00e7\u00f5es inovadoras e eficazes. O &hellip; <\/p>\n<p class=\"link-more\"><a href=\"https:\/\/trigono.pt\/en\/learning-centre\/\" class=\"more-link\">Read more<span class=\"screen-reader-text\"> &#8220;Learning Centre&#8221;<\/span><\/a><\/p>","protected":false},"author":1,"featured_media":151,"parent":0,"menu_order":0,"comment_status":"closed","ping_status":"closed","template":"","meta":{"footnotes":""},"class_list":["post-29","page","type-page","status-publish","has-post-thumbnail","hentry"],"_links":{"self":[{"href":"https:\/\/trigono.pt\/en\/wp-json\/wp\/v2\/pages\/29","targetHints":{"allow":["GET"]}}],"collection":[{"href":"https:\/\/trigono.pt\/en\/wp-json\/wp\/v2\/pages"}],"about":[{"href":"https:\/\/trigono.pt\/en\/wp-json\/wp\/v2\/types\/page"}],"author":[{"embeddable":true,"href":"https:\/\/trigono.pt\/en\/wp-json\/wp\/v2\/users\/1"}],"replies":[{"embeddable":true,"href":"https:\/\/trigono.pt\/en\/wp-json\/wp\/v2\/comments?post=29"}],"version-history":[{"count":12,"href":"https:\/\/trigono.pt\/en\/wp-json\/wp\/v2\/pages\/29\/revisions"}],"predecessor-version":[{"id":162,"href":"https:\/\/trigono.pt\/en\/wp-json\/wp\/v2\/pages\/29\/revisions\/162"}],"wp:featuredmedia":[{"embeddable":true,"href":"https:\/\/trigono.pt\/en\/wp-json\/wp\/v2\/media\/151"}],"wp:attachment":[{"href":"https:\/\/trigono.pt\/en\/wp-json\/wp\/v2\/media?parent=29"}],"curies":[{"name":"wp","href":"https:\/\/api.w.org\/{rel}","templated":true}]}}